{"id":6433,"date":"2020-01-22T13:32:24","date_gmt":"2020-01-22T11:32:24","guid":{"rendered":"https:\/\/agria-zenithcropsciences.com\/product\/omix\/"},"modified":"2020-01-22T13:32:24","modified_gmt":"2020-01-22T11:32:24","slug":"omix","status":"publish","type":"product","link":"https:\/\/agria-zenithcropsciences.com\/es\/product\/omix\/","title":{"rendered":"OMIX\u00ae"},"content":{"rendered":"","protected":false},"excerpt":{"rendered":"<p><strong>Fungicid sistemic pentru combaterea<\/strong> <strong>manei \u015fi c\u0103derii pl\u0103ntu\u0163elor la tomate \u015fi plante ornamentale<\/strong><\/p>\n<p><strong>Con\u0163ine<\/strong>:\u00a0 607 g\/l propamocarb<\/p>\n<p><strong>Formulare<\/strong>: Concentrat solubil (SL)<\/p>\n<p><strong>a doua denumire comerciala:<\/strong><strong> EDEGAL<sup>\u00ae<\/sup><\/strong><\/p>\n","protected":false},"featured_media":3586,"comment_status":"closed","ping_status":"closed","template":"","meta":[],"product_brand":[],"product_cat":[627,625],"product_tag":[],"class_list":{"0":"post-6433","1":"product","2":"type-product","3":"status-publish","4":"has-post-thumbnail","6":"product_cat-fungicide-es","7":"product_cat-productos-romania-es","9":"first","10":"instock","11":"shipping-taxable","12":"product-type-simple"},"_links":{"self":[{"href":"https:\/\/agria-zenithcropsciences.com\/es\/wp-json\/wp\/v2\/product\/6433","targetHints":{"allow":["GET"]}}],"collection":[{"href":"https:\/\/agria-zenithcropsciences.com\/es\/wp-json\/wp\/v2\/product"}],"about":[{"href":"https:\/\/agria-zenithcropsciences.com\/es\/wp-json\/wp\/v2\/types\/product"}],"replies":[{"embeddable":true,"href":"https:\/\/agria-zenithcropsciences.com\/es\/wp-json\/wp\/v2\/comments?post=6433"}],"wp:featuredmedia":[{"embeddable":true,"href":"https:\/\/agria-zenithcropsciences.com\/es\/wp-json\/wp\/v2\/media\/3586"}],"wp:attachment":[{"href":"https:\/\/agria-zenithcropsciences.com\/es\/wp-json\/wp\/v2\/media?parent=6433"}],"wp:term":[{"taxonomy":"product_brand","embeddable":true,"href":"https:\/\/agria-zenithcropsciences.com\/es\/wp-json\/wp\/v2\/product_brand?post=6433"},{"taxonomy":"product_cat","embeddable":true,"href":"https:\/\/agria-zenithcropsciences.com\/es\/wp-json\/wp\/v2\/product_cat?post=6433"},{"taxonomy":"product_tag","embeddable":true,"href":"https:\/\/agria-zenithcropsciences.com\/es\/wp-json\/wp\/v2\/product_tag?post=6433"}],"curies":[{"name":"wp","href":"https:\/\/api.w.org\/{rel}","templated":true}]}}