{"id":6458,"date":"2020-01-22T13:27:08","date_gmt":"2020-01-22T11:27:08","guid":{"rendered":"https:\/\/agria-zenithcropsciences.com\/product\/copforce-extra\/"},"modified":"2020-01-22T13:27:08","modified_gmt":"2020-01-22T11:27:08","slug":"copforce-extra","status":"publish","type":"product","link":"https:\/\/agria-zenithcropsciences.com\/es\/product\/copforce-extra\/","title":{"rendered":"COPFORCE\u00ae EXTRA"},"content":{"rendered":"","protected":false},"excerpt":{"rendered":"<p><strong>Fungicid cu ac\u0163iune sistemic\u0103 local\u0103 \u015fi de contact pentru combaterea manei la cartof, tomate, vi\u0163a de vie \u015fi alternariozei la tomate. Formulare unic\u0103, f\u0103r\u0103 precedent \u00een Europa. Dou\u0103 substan\u0163e active cu mod de ac\u021biune diferit sunt blocate cu exactitate \u00een fiecare granul\u0103 pentru a asigura o protec\u021bie complet\u0103 \u0219i rezidual\u0103.<\/strong><\/p>\n<p><strong>Con\u0163ine<\/strong>:\u00a0 300 g\/kg cupru sub forma a 461 g\/kg hidroxid de cupru + 60 g\/kg cimoxanil<\/p>\n<p><strong>Formulare<\/strong>: Granule dispersabile \u00een ap\u0103 (WG)<\/p>\n<p><strong>a doua denumire comerciala<\/strong><strong>: CUPMAN<sup>\u00ae<\/sup><\/strong><\/p>\n","protected":false},"featured_media":3583,"comment_status":"closed","ping_status":"closed","template":"","meta":[],"product_brand":[],"product_cat":[627,625],"product_tag":[],"class_list":{"0":"post-6458","1":"product","2":"type-product","3":"status-publish","4":"has-post-thumbnail","6":"product_cat-fungicide-es","7":"product_cat-productos-romania-es","9":"first","10":"instock","11":"shipping-taxable","12":"product-type-simple"},"_links":{"self":[{"href":"https:\/\/agria-zenithcropsciences.com\/es\/wp-json\/wp\/v2\/product\/6458","targetHints":{"allow":["GET"]}}],"collection":[{"href":"https:\/\/agria-zenithcropsciences.com\/es\/wp-json\/wp\/v2\/product"}],"about":[{"href":"https:\/\/agria-zenithcropsciences.com\/es\/wp-json\/wp\/v2\/types\/product"}],"replies":[{"embeddable":true,"href":"https:\/\/agria-zenithcropsciences.com\/es\/wp-json\/wp\/v2\/comments?post=6458"}],"wp:featuredmedia":[{"embeddable":true,"href":"https:\/\/agria-zenithcropsciences.com\/es\/wp-json\/wp\/v2\/media\/3583"}],"wp:attachment":[{"href":"https:\/\/agria-zenithcropsciences.com\/es\/wp-json\/wp\/v2\/media?parent=6458"}],"wp:term":[{"taxonomy":"product_brand","embeddable":true,"href":"https:\/\/agria-zenithcropsciences.com\/es\/wp-json\/wp\/v2\/product_brand?post=6458"},{"taxonomy":"product_cat","embeddable":true,"href":"https:\/\/agria-zenithcropsciences.com\/es\/wp-json\/wp\/v2\/product_cat?post=6458"},{"taxonomy":"product_tag","embeddable":true,"href":"https:\/\/agria-zenithcropsciences.com\/es\/wp-json\/wp\/v2\/product_tag?post=6458"}],"curies":[{"name":"wp","href":"https:\/\/api.w.org\/{rel}","templated":true}]}}