{"id":6566,"date":"2020-01-10T20:07:03","date_gmt":"2020-01-10T18:07:03","guid":{"rendered":"https:\/\/agria-zenithcropsciences.com\/product\/sinchi-20-sp\/"},"modified":"2020-01-10T20:07:03","modified_gmt":"2020-01-10T18:07:03","slug":"sinchi-20-sp","status":"publish","type":"product","link":"https:\/\/agria-zenithcropsciences.com\/es\/product\/sinchi-20-sp\/","title":{"rendered":"Sinchi\u00ae 20 SP"},"content":{"rendered":"","protected":false},"excerpt":{"rendered":"<p>Insecticida sist\u00e9mico de actividad trasnslaminar con acci\u00f3n de contacto y estomacal, perteneciente al grupo de los Neonicotinoides, que contiene Acetamiprid 200 gr por Kg de producto comercial. Sinchi<strong><sup>\u00ae<\/sup><\/strong> 20 SP control principalmente sobre insectos chupadores succionadores de sabia, larvas de minadores, trips y \u00e1fidos, en una amplia gama de cultivos, tales como arroz, ma\u00edz, soya, papa, hortalizas, cucurbit\u00e1ceas, c\u00edtricos, ornamentales y frutales en general, por su novedosa mol\u00e9cula no afecta a poblaciones de ara\u00f1as ben\u00e9ficas enemigas de numerosas plagas de nuestros cultivos.<\/p>\n<p><strong>Composicion:<\/strong> 200 g\/kg ACETAMIPRID<\/p>\n<p><strong>Formulado como:<\/strong> Polvo Soluble (SP)<\/p>\n<p><strong>APLICACIONES<\/strong><strong>: Contacte a nuestro equipo<\/strong><strong> &#8211; <\/strong><a href=\"mailto:info@agria.bg\">info@agria.bg<\/a><\/p>\n","protected":false},"featured_media":3293,"comment_status":"closed","ping_status":"closed","template":"","meta":[],"product_brand":[],"product_cat":[663,661],"product_tag":[],"class_list":{"0":"post-6566","1":"product","2":"type-product","3":"status-publish","4":"has-post-thumbnail","6":"product_cat-insecticida-2-es","7":"product_cat-productos-ecuador-es","9":"first","10":"instock","11":"shipping-taxable","12":"product-type-simple"},"_links":{"self":[{"href":"https:\/\/agria-zenithcropsciences.com\/es\/wp-json\/wp\/v2\/product\/6566","targetHints":{"allow":["GET"]}}],"collection":[{"href":"https:\/\/agria-zenithcropsciences.com\/es\/wp-json\/wp\/v2\/product"}],"about":[{"href":"https:\/\/agria-zenithcropsciences.com\/es\/wp-json\/wp\/v2\/types\/product"}],"replies":[{"embeddable":true,"href":"https:\/\/agria-zenithcropsciences.com\/es\/wp-json\/wp\/v2\/comments?post=6566"}],"wp:featuredmedia":[{"embeddable":true,"href":"https:\/\/agria-zenithcropsciences.com\/es\/wp-json\/wp\/v2\/media\/3293"}],"wp:attachment":[{"href":"https:\/\/agria-zenithcropsciences.com\/es\/wp-json\/wp\/v2\/media?parent=6566"}],"wp:term":[{"taxonomy":"product_brand","embeddable":true,"href":"https:\/\/agria-zenithcropsciences.com\/es\/wp-json\/wp\/v2\/product_brand?post=6566"},{"taxonomy":"product_cat","embeddable":true,"href":"https:\/\/agria-zenithcropsciences.com\/es\/wp-json\/wp\/v2\/product_cat?post=6566"},{"taxonomy":"product_tag","embeddable":true,"href":"https:\/\/agria-zenithcropsciences.com\/es\/wp-json\/wp\/v2\/product_tag?post=6566"}],"curies":[{"name":"wp","href":"https:\/\/api.w.org\/{rel}","templated":true}]}}