{"id":6570,"date":"2020-01-10T20:02:40","date_gmt":"2020-01-10T18:02:40","guid":{"rendered":"https:\/\/agria-zenithcropsciences.com\/product\/corridabul\/"},"modified":"2020-01-10T20:02:40","modified_gmt":"2020-01-10T18:02:40","slug":"corridabul","status":"publish","type":"product","link":"https:\/\/agria-zenithcropsciences.com\/es\/product\/corridabul\/","title":{"rendered":"Corridabul\u00ae"},"content":{"rendered":"","protected":false},"excerpt":{"rendered":"<p><strong>Corridabul<\/strong><strong><sup> \u00ae<\/sup><\/strong> es un insecticida del grupo de los Reguladores de Crecimiento de los Insectos (IGR) formulado como una suspensi\u00f3n concentrada de f\u00e1cil manejo y dosificaci\u00f3n para el control de estados inmaduros (larvas instares II y III) de los \u00f3rdenes Lepid\u00f3ptera y D\u00edptera tales como Spodoptera frugiperda, Heliothis virescens, Anticarsia gemmatalis, Trichoplusia ni, Opsiphanes cassina, Hydrellia sp, y Scrobipalpula absoluta en diversos cultivos tanto al aire libre como en invernadero.<\/p>\n<p><strong>Composicion:<\/strong> 480 g\/L DIFLUBENZURON<\/p>\n<p><strong>Formulado como:<\/strong> Suspensi\u00f3n Concentrada (SC)<\/p>\n","protected":false},"featured_media":4154,"comment_status":"closed","ping_status":"closed","template":"","meta":[],"product_brand":[],"product_cat":[663,661],"product_tag":[],"class_list":{"0":"post-6570","1":"product","2":"type-product","3":"status-publish","4":"has-post-thumbnail","6":"product_cat-insecticida-2-es","7":"product_cat-productos-ecuador-es","9":"first","10":"instock","11":"shipping-taxable","12":"product-type-simple"},"_links":{"self":[{"href":"https:\/\/agria-zenithcropsciences.com\/es\/wp-json\/wp\/v2\/product\/6570","targetHints":{"allow":["GET"]}}],"collection":[{"href":"https:\/\/agria-zenithcropsciences.com\/es\/wp-json\/wp\/v2\/product"}],"about":[{"href":"https:\/\/agria-zenithcropsciences.com\/es\/wp-json\/wp\/v2\/types\/product"}],"replies":[{"embeddable":true,"href":"https:\/\/agria-zenithcropsciences.com\/es\/wp-json\/wp\/v2\/comments?post=6570"}],"wp:featuredmedia":[{"embeddable":true,"href":"https:\/\/agria-zenithcropsciences.com\/es\/wp-json\/wp\/v2\/media\/4154"}],"wp:attachment":[{"href":"https:\/\/agria-zenithcropsciences.com\/es\/wp-json\/wp\/v2\/media?parent=6570"}],"wp:term":[{"taxonomy":"product_brand","embeddable":true,"href":"https:\/\/agria-zenithcropsciences.com\/es\/wp-json\/wp\/v2\/product_brand?post=6570"},{"taxonomy":"product_cat","embeddable":true,"href":"https:\/\/agria-zenithcropsciences.com\/es\/wp-json\/wp\/v2\/product_cat?post=6570"},{"taxonomy":"product_tag","embeddable":true,"href":"https:\/\/agria-zenithcropsciences.com\/es\/wp-json\/wp\/v2\/product_tag?post=6570"}],"curies":[{"name":"wp","href":"https:\/\/api.w.org\/{rel}","templated":true}]}}