{"id":6574,"date":"2020-01-10T19:56:30","date_gmt":"2020-01-10T17:56:30","guid":{"rendered":"https:\/\/agria-zenithcropsciences.com\/product\/fen-69-ec\/"},"modified":"2020-01-10T19:56:30","modified_gmt":"2020-01-10T17:56:30","slug":"fen-69-ec","status":"publish","type":"product","link":"https:\/\/agria-zenithcropsciences.com\/es\/product\/fen-69-ec\/","title":{"rendered":"Fen\u00ae 6,9 EC"},"content":{"rendered":"","protected":false},"excerpt":{"rendered":"<p><strong>Fen<\/strong><strong><sup>\u00ae<\/sup><\/strong><strong> 6,9 EC <\/strong>es un herbicida de acci\u00f3n sist\u00e9mica selectivo al cultivo del arroz y a los cultivos de hoja ancha, Dicotiled\u00f3neas en las dosis recomendadas. <strong>Fen<\/strong><strong><sup>\u00ae<\/sup><\/strong><strong> 6,9 EC <\/strong>es absorbido r\u00e1pidamente por hojas y tallos de las malezas gram\u00edneas, trasloc\u00e1ndose a toda la planta (movimiento acropetal y basipetal) y acumul\u00e1ndose en los tejidos meristem\u00e1ticos, en donde inhibe la s\u00edntesis de \u00e1cidos grasos. <strong>Fen<\/strong><strong><sup>\u00ae<\/sup><\/strong><strong> 6,9 EC <\/strong>controla exclusivamente gram\u00edneas y se debe aplicar cuando estas han emergido y est\u00e9n en crecimiento activo. Los primeros s\u00edntomas aparecen 5-7 d\u00edas despu\u00e9s de la aplicaci\u00f3n<\/p>\n<p><strong>Composicion:<\/strong> 69 g\/L FENOXAPROP-P-ETHYL + ANTIDOT<\/p>\n<p><strong>Formulado como:<\/strong> Concentrado Emulsionable (EC)<\/p>\n<p><strong>APLICACIONES<\/strong><strong>: Contacte a nuestro equipo<\/strong><strong> &#8211; <\/strong><a href=\"mailto:info@agria.bg\">info@agria.bg<\/a><\/p>\n","protected":false},"featured_media":4136,"comment_status":"closed","ping_status":"closed","template":"","meta":[],"product_brand":[],"product_cat":[665,661],"product_tag":[],"class_list":{"0":"post-6574","1":"product","2":"type-product","3":"status-publish","4":"has-post-thumbnail","6":"product_cat-herbicida-productos-ecuador-es","7":"product_cat-productos-ecuador-es","9":"first","10":"instock","11":"shipping-taxable","12":"product-type-simple"},"_links":{"self":[{"href":"https:\/\/agria-zenithcropsciences.com\/es\/wp-json\/wp\/v2\/product\/6574","targetHints":{"allow":["GET"]}}],"collection":[{"href":"https:\/\/agria-zenithcropsciences.com\/es\/wp-json\/wp\/v2\/product"}],"about":[{"href":"https:\/\/agria-zenithcropsciences.com\/es\/wp-json\/wp\/v2\/types\/product"}],"replies":[{"embeddable":true,"href":"https:\/\/agria-zenithcropsciences.com\/es\/wp-json\/wp\/v2\/comments?post=6574"}],"wp:featuredmedia":[{"embeddable":true,"href":"https:\/\/agria-zenithcropsciences.com\/es\/wp-json\/wp\/v2\/media\/4136"}],"wp:attachment":[{"href":"https:\/\/agria-zenithcropsciences.com\/es\/wp-json\/wp\/v2\/media?parent=6574"}],"wp:term":[{"taxonomy":"product_brand","embeddable":true,"href":"https:\/\/agria-zenithcropsciences.com\/es\/wp-json\/wp\/v2\/product_brand?post=6574"},{"taxonomy":"product_cat","embeddable":true,"href":"https:\/\/agria-zenithcropsciences.com\/es\/wp-json\/wp\/v2\/product_cat?post=6574"},{"taxonomy":"product_tag","embeddable":true,"href":"https:\/\/agria-zenithcropsciences.com\/es\/wp-json\/wp\/v2\/product_tag?post=6574"}],"curies":[{"name":"wp","href":"https:\/\/api.w.org\/{rel}","templated":true}]}}