{"id":6576,"date":"2020-01-10T19:54:48","date_gmt":"2020-01-10T17:54:48","guid":{"rendered":"https:\/\/agria-zenithcropsciences.com\/product\/nasa\/"},"modified":"2020-01-10T19:54:48","modified_gmt":"2020-01-10T17:54:48","slug":"nasa","status":"publish","type":"product","link":"https:\/\/agria-zenithcropsciences.com\/es\/product\/nasa\/","title":{"rendered":"Nasa\u00ae"},"content":{"rendered":"","protected":false},"excerpt":{"rendered":"<p><strong>Nasa<\/strong><strong><sup>\u00ae<\/sup><\/strong> es un herbicida no selectivo para el control postemergente de malezas anuales y perennes en \u00e1reas agr\u00edcolas, industriales, caminos, v\u00edas f\u00e9rreas, etc. De acci\u00f3n sist\u00e9mica, es absorbido por hojas y tallos verdes y traslocado hacia las ra\u00edces y \u00f3rganos vegetativos subterr\u00e1neos, ocasionando la muerte de las malezas emergidas. Este herbicida no deja residuos en el suelo y se inactiva al entrar en contacto con el mismo.<\/p>\n<p><strong>Composicion:<\/strong> 360 g\/L de equivalente \u00e1cido de glifosato (480 g\/L Glifosato-isopropilamon)<\/p>\n<p><strong>Formulado como:<\/strong> Concentrado soluble (SL)<\/p>\n","protected":false},"featured_media":3336,"comment_status":"closed","ping_status":"closed","template":"","meta":[],"product_brand":[],"product_cat":[665,661],"product_tag":[],"class_list":{"0":"post-6576","1":"product","2":"type-product","3":"status-publish","4":"has-post-thumbnail","6":"product_cat-herbicida-productos-ecuador-es","7":"product_cat-productos-ecuador-es","9":"first","10":"instock","11":"shipping-taxable","12":"product-type-simple"},"_links":{"self":[{"href":"https:\/\/agria-zenithcropsciences.com\/es\/wp-json\/wp\/v2\/product\/6576","targetHints":{"allow":["GET"]}}],"collection":[{"href":"https:\/\/agria-zenithcropsciences.com\/es\/wp-json\/wp\/v2\/product"}],"about":[{"href":"https:\/\/agria-zenithcropsciences.com\/es\/wp-json\/wp\/v2\/types\/product"}],"replies":[{"embeddable":true,"href":"https:\/\/agria-zenithcropsciences.com\/es\/wp-json\/wp\/v2\/comments?post=6576"}],"wp:featuredmedia":[{"embeddable":true,"href":"https:\/\/agria-zenithcropsciences.com\/es\/wp-json\/wp\/v2\/media\/3336"}],"wp:attachment":[{"href":"https:\/\/agria-zenithcropsciences.com\/es\/wp-json\/wp\/v2\/media?parent=6576"}],"wp:term":[{"taxonomy":"product_brand","embeddable":true,"href":"https:\/\/agria-zenithcropsciences.com\/es\/wp-json\/wp\/v2\/product_brand?post=6576"},{"taxonomy":"product_cat","embeddable":true,"href":"https:\/\/agria-zenithcropsciences.com\/es\/wp-json\/wp\/v2\/product_cat?post=6576"},{"taxonomy":"product_tag","embeddable":true,"href":"https:\/\/agria-zenithcropsciences.com\/es\/wp-json\/wp\/v2\/product_tag?post=6576"}],"curies":[{"name":"wp","href":"https:\/\/api.w.org\/{rel}","templated":true}]}}