{"id":6578,"date":"2020-01-10T19:51:59","date_gmt":"2020-01-10T17:51:59","guid":{"rendered":"https:\/\/agria-zenithcropsciences.com\/product\/zino\/"},"modified":"2020-01-10T19:51:59","modified_gmt":"2020-01-10T17:51:59","slug":"zino","status":"publish","type":"product","link":"https:\/\/agria-zenithcropsciences.com\/es\/product\/zino\/","title":{"rendered":"Zino\u00ae"},"content":{"rendered":"","protected":false},"excerpt":{"rendered":"<p><strong>Zino<sup>\u00ae<\/sup> <\/strong>es un herbicida, del grupo de las triazinas, que act\u00faa inhibiendo la fotos\u00edntesis y es selectivo posicional en el suelo. Es usado para el control pre-emergente o post-emergente temprano de las malezas, en los cultivos que se especifican en la etiqueta y su residualidad es dependiente del ph del suelo.<\/p>\n<p><strong>Zino<sup>\u00ae<\/sup><\/strong> es absorbido por las ra\u00edces y las primeras hojas, para provocar la inhibici\u00f3n de la fotos\u00edntesis, por lo que es fundamental un buen contenido de humedad en el suelo.<\/p>\n<p><strong>Composicion:<\/strong> 700 g\/kg METRIBUZIN<\/p>\n","protected":false},"featured_media":4145,"comment_status":"closed","ping_status":"closed","template":"","meta":[],"product_brand":[],"product_cat":[665,661],"product_tag":[],"class_list":{"0":"post-6578","1":"product","2":"type-product","3":"status-publish","4":"has-post-thumbnail","6":"product_cat-herbicida-productos-ecuador-es","7":"product_cat-productos-ecuador-es","9":"first","10":"instock","11":"shipping-taxable","12":"product-type-simple"},"_links":{"self":[{"href":"https:\/\/agria-zenithcropsciences.com\/es\/wp-json\/wp\/v2\/product\/6578","targetHints":{"allow":["GET"]}}],"collection":[{"href":"https:\/\/agria-zenithcropsciences.com\/es\/wp-json\/wp\/v2\/product"}],"about":[{"href":"https:\/\/agria-zenithcropsciences.com\/es\/wp-json\/wp\/v2\/types\/product"}],"replies":[{"embeddable":true,"href":"https:\/\/agria-zenithcropsciences.com\/es\/wp-json\/wp\/v2\/comments?post=6578"}],"wp:featuredmedia":[{"embeddable":true,"href":"https:\/\/agria-zenithcropsciences.com\/es\/wp-json\/wp\/v2\/media\/4145"}],"wp:attachment":[{"href":"https:\/\/agria-zenithcropsciences.com\/es\/wp-json\/wp\/v2\/media?parent=6578"}],"wp:term":[{"taxonomy":"product_brand","embeddable":true,"href":"https:\/\/agria-zenithcropsciences.com\/es\/wp-json\/wp\/v2\/product_brand?post=6578"},{"taxonomy":"product_cat","embeddable":true,"href":"https:\/\/agria-zenithcropsciences.com\/es\/wp-json\/wp\/v2\/product_cat?post=6578"},{"taxonomy":"product_tag","embeddable":true,"href":"https:\/\/agria-zenithcropsciences.com\/es\/wp-json\/wp\/v2\/product_tag?post=6578"}],"curies":[{"name":"wp","href":"https:\/\/api.w.org\/{rel}","templated":true}]}}