{"id":6586,"date":"2020-01-10T19:22:37","date_gmt":"2020-01-10T17:22:37","guid":{"rendered":"https:\/\/agria-zenithcropsciences.com\/product\/cuprosate-gold-720-wp\/"},"modified":"2024-01-12T09:57:33","modified_gmt":"2024-01-12T07:57:33","slug":"mancymbul-720wp","status":"publish","type":"product","link":"https:\/\/agria-zenithcropsciences.com\/es\/product\/mancymbul-720wp\/","title":{"rendered":"Mancymbul\u00ae 720WP"},"content":{"rendered":"","protected":false},"excerpt":{"rendered":"<p><strong>Mancymbul\u00ae 720WP\u00a0<\/strong>\u00e9 um fungicida de a\u00e7\u00e3o sist\u00eamica e de contato, dos grupos qu\u00edmicos alquilenobis (ditiocarbamato) \u2013 mancozebe, e acetamida \u2013 cimoxanil, apresentado na forma de p\u00f3 molh\u00e1vel (WP), indicado no controle de doen\u00e7as f\u00fangicas nas culturas de batata, cebola, tomate e uva.<\/p>\n<p><strong>COMPOSI\u00c7\u00c3O<\/strong><strong>:<\/strong> 640 g\/kg MANCOZEBE + 80 g\/kg CIMOXANIL<\/p>\n<p>(<strong>TIPO DE FORMULA\u00c7\u00c3O:\u00a0<\/strong>P\u00f3 Molh\u00e1vel (WP))<strong>: <\/strong>Em breve poder\u00e1 encontr\u00e1 no mercado com o nome comercial &#8211; Rapid Gold\u00ae 720WP<\/p>\n","protected":false},"featured_media":3345,"comment_status":"closed","ping_status":"closed","template":"","meta":[],"product_brand":[],"product_cat":[668,669],"product_tag":[],"class_list":{"0":"post-6586","1":"product","2":"type-product","3":"status-publish","4":"has-post-thumbnail","6":"product_cat-fungicidas-productos-brazil-es","7":"product_cat-productos-brazil-es","9":"first","10":"instock","11":"shipping-taxable","12":"product-type-simple"},"_links":{"self":[{"href":"https:\/\/agria-zenithcropsciences.com\/es\/wp-json\/wp\/v2\/product\/6586","targetHints":{"allow":["GET"]}}],"collection":[{"href":"https:\/\/agria-zenithcropsciences.com\/es\/wp-json\/wp\/v2\/product"}],"about":[{"href":"https:\/\/agria-zenithcropsciences.com\/es\/wp-json\/wp\/v2\/types\/product"}],"replies":[{"embeddable":true,"href":"https:\/\/agria-zenithcropsciences.com\/es\/wp-json\/wp\/v2\/comments?post=6586"}],"wp:featuredmedia":[{"embeddable":true,"href":"https:\/\/agria-zenithcropsciences.com\/es\/wp-json\/wp\/v2\/media\/3345"}],"wp:attachment":[{"href":"https:\/\/agria-zenithcropsciences.com\/es\/wp-json\/wp\/v2\/media?parent=6586"}],"wp:term":[{"taxonomy":"product_brand","embeddable":true,"href":"https:\/\/agria-zenithcropsciences.com\/es\/wp-json\/wp\/v2\/product_brand?post=6586"},{"taxonomy":"product_cat","embeddable":true,"href":"https:\/\/agria-zenithcropsciences.com\/es\/wp-json\/wp\/v2\/product_cat?post=6586"},{"taxonomy":"product_tag","embeddable":true,"href":"https:\/\/agria-zenithcropsciences.com\/es\/wp-json\/wp\/v2\/product_tag?post=6586"}],"curies":[{"name":"wp","href":"https:\/\/api.w.org\/{rel}","templated":true}]}}