{"id":6590,"date":"2020-01-09T23:17:32","date_gmt":"2020-01-09T21:17:32","guid":{"rendered":"https:\/\/agria-zenithcropsciences.com\/product\/mancozeb-80-wp-2\/"},"modified":"2020-01-09T23:17:32","modified_gmt":"2020-01-09T21:17:32","slug":"mancozeb-80-wp-2","status":"publish","type":"product","link":"https:\/\/agria-zenithcropsciences.com\/es\/product\/mancozeb-80-wp-2\/","title":{"rendered":"Mancozeb 80 WP"},"content":{"rendered":"","protected":false},"excerpt":{"rendered":"<p>Fungicida protector que est\u00e1 indicado para la prevenci\u00f3n de numerosas enfermedades fungosas de una amplia variedad de cultivos. Su acci\u00f3n es de contacto y preventiva.<\/p>\n<p><strong>Composicion:<\/strong> 800 g\/kg Mancozeb<\/p>\n<p><strong>Formulado como:<\/strong> <em>Polvo<\/em> Mojable (PM)<\/p>\n","protected":false},"featured_media":3330,"comment_status":"closed","ping_status":"closed","template":"","meta":[],"product_brand":[],"product_cat":[671,631],"product_tag":[],"class_list":{"0":"post-6590","1":"product","2":"type-product","3":"status-publish","4":"has-post-thumbnail","6":"product_cat-fungicida-5-es","7":"product_cat-productos-guatemala-es","9":"first","10":"instock","11":"shipping-taxable","12":"product-type-simple"},"_links":{"self":[{"href":"https:\/\/agria-zenithcropsciences.com\/es\/wp-json\/wp\/v2\/product\/6590","targetHints":{"allow":["GET"]}}],"collection":[{"href":"https:\/\/agria-zenithcropsciences.com\/es\/wp-json\/wp\/v2\/product"}],"about":[{"href":"https:\/\/agria-zenithcropsciences.com\/es\/wp-json\/wp\/v2\/types\/product"}],"replies":[{"embeddable":true,"href":"https:\/\/agria-zenithcropsciences.com\/es\/wp-json\/wp\/v2\/comments?post=6590"}],"wp:featuredmedia":[{"embeddable":true,"href":"https:\/\/agria-zenithcropsciences.com\/es\/wp-json\/wp\/v2\/media\/3330"}],"wp:attachment":[{"href":"https:\/\/agria-zenithcropsciences.com\/es\/wp-json\/wp\/v2\/media?parent=6590"}],"wp:term":[{"taxonomy":"product_brand","embeddable":true,"href":"https:\/\/agria-zenithcropsciences.com\/es\/wp-json\/wp\/v2\/product_brand?post=6590"},{"taxonomy":"product_cat","embeddable":true,"href":"https:\/\/agria-zenithcropsciences.com\/es\/wp-json\/wp\/v2\/product_cat?post=6590"},{"taxonomy":"product_tag","embeddable":true,"href":"https:\/\/agria-zenithcropsciences.com\/es\/wp-json\/wp\/v2\/product_tag?post=6590"}],"curies":[{"name":"wp","href":"https:\/\/api.w.org\/{rel}","templated":true}]}}