{"id":6596,"date":"2020-01-09T21:49:01","date_gmt":"2020-01-09T19:49:01","guid":{"rendered":"https:\/\/agria-zenithcropsciences.com\/product\/respect-bul-2\/"},"modified":"2020-01-09T21:49:01","modified_gmt":"2020-01-09T19:49:01","slug":"respect-bul-2","status":"publish","type":"product","link":"https:\/\/agria-zenithcropsciences.com\/es\/product\/respect-bul-2\/","title":{"rendered":"Respect Bul\u00ae"},"content":{"rendered":"","protected":false},"excerpt":{"rendered":"<p>Fungicida de contacto y sist\u00e9mico para el Control del Tiz\u00f3n Tard\u00edo en Papa y Tomate y el Mildi\u00fa de las Cucurbit\u00e1ceas y Cebolla<\/p>\n<p><strong>Composicion:<\/strong> 640 g\/kg Mancozeb + 80 g\/kg Cymoxanil<\/p>\n<p><strong>Otros nombres comerciales<\/strong><strong>:<\/strong> Cimanc<strong><sup>\u00ae<\/sup><\/strong> 72 WP<\/p>\n<p><strong>Formulado como:<\/strong> <em>Polvo<\/em> Mojable (PM)<\/p>\n<p><strong>APLICACIONES<\/strong><strong>: Contacte a nuestro equipo<\/strong><strong> &#8211; <\/strong><a href=\"mailto:info@agria.bg\">info@agria.bg<\/a><\/p>\n<p>Stock photo ID:916330190<\/p>\n","protected":false},"featured_media":3348,"comment_status":"closed","ping_status":"closed","template":"","meta":[],"product_brand":[],"product_cat":[674,675],"product_tag":[],"class_list":{"0":"post-6596","1":"product","2":"type-product","3":"status-publish","4":"has-post-thumbnail","6":"product_cat-fungicida-4-es","7":"product_cat-productos-nicaragua-es","9":"first","10":"instock","11":"shipping-taxable","12":"product-type-simple"},"_links":{"self":[{"href":"https:\/\/agria-zenithcropsciences.com\/es\/wp-json\/wp\/v2\/product\/6596","targetHints":{"allow":["GET"]}}],"collection":[{"href":"https:\/\/agria-zenithcropsciences.com\/es\/wp-json\/wp\/v2\/product"}],"about":[{"href":"https:\/\/agria-zenithcropsciences.com\/es\/wp-json\/wp\/v2\/types\/product"}],"replies":[{"embeddable":true,"href":"https:\/\/agria-zenithcropsciences.com\/es\/wp-json\/wp\/v2\/comments?post=6596"}],"wp:featuredmedia":[{"embeddable":true,"href":"https:\/\/agria-zenithcropsciences.com\/es\/wp-json\/wp\/v2\/media\/3348"}],"wp:attachment":[{"href":"https:\/\/agria-zenithcropsciences.com\/es\/wp-json\/wp\/v2\/media?parent=6596"}],"wp:term":[{"taxonomy":"product_brand","embeddable":true,"href":"https:\/\/agria-zenithcropsciences.com\/es\/wp-json\/wp\/v2\/product_brand?post=6596"},{"taxonomy":"product_cat","embeddable":true,"href":"https:\/\/agria-zenithcropsciences.com\/es\/wp-json\/wp\/v2\/product_cat?post=6596"},{"taxonomy":"product_tag","embeddable":true,"href":"https:\/\/agria-zenithcropsciences.com\/es\/wp-json\/wp\/v2\/product_tag?post=6596"}],"curies":[{"name":"wp","href":"https:\/\/api.w.org\/{rel}","templated":true}]}}