{"id":6605,"date":"2020-01-09T21:45:38","date_gmt":"2020-01-09T19:45:38","guid":{"rendered":"https:\/\/agria-zenithcropsciences.com\/product\/tablot-72-sc\/"},"modified":"2020-01-09T21:45:38","modified_gmt":"2020-01-09T19:45:38","slug":"tablot-72-sc","status":"publish","type":"product","link":"https:\/\/agria-zenithcropsciences.com\/es\/product\/tablot-72-sc\/","title":{"rendered":"Tablot\u00ae 72 SC"},"content":{"rendered":"","protected":false},"excerpt":{"rendered":"<p><strong>Tablot<sup>\u00ae<\/sup> 72 SC<\/strong> es un fungicida, de amplio espectro, de aplicaci\u00f3n foliar, no sist\u00e9mico, con limitada capacidad de traslocaci\u00f3n local, actividad por contacto y acci\u00f3n preventiva\u00a0\u00a0\u00a0\u00a0 y erradicativa sobre numerosas enfermedades de origen f\u00fangico.<\/p>\n<p><strong>Composicion:<\/strong> 720 g\/L CLOROTALONIL<\/p>\n<p><strong>Otros nombres comerciales<\/strong><strong>:<\/strong> Boina<strong><sup>\u00ae<\/sup><\/strong> 72 SC<\/p>\n<p><strong>Formulado como:<\/strong> Suspensi\u00f3n Concentrada (SC)<\/p>\n<p><strong>APLICACIONES<\/strong><strong>: Contacte a nuestro equipo<\/strong><strong> &#8211; <\/strong><a href=\"mailto:info@agria.bg\">info@agria.bg<\/a><\/p>\n","protected":false},"featured_media":3382,"comment_status":"closed","ping_status":"closed","template":"","meta":[],"product_brand":[],"product_cat":[674,675],"product_tag":[],"class_list":{"0":"post-6605","1":"product","2":"type-product","3":"status-publish","4":"has-post-thumbnail","6":"product_cat-fungicida-4-es","7":"product_cat-productos-nicaragua-es","9":"first","10":"instock","11":"shipping-taxable","12":"product-type-simple"},"_links":{"self":[{"href":"https:\/\/agria-zenithcropsciences.com\/es\/wp-json\/wp\/v2\/product\/6605","targetHints":{"allow":["GET"]}}],"collection":[{"href":"https:\/\/agria-zenithcropsciences.com\/es\/wp-json\/wp\/v2\/product"}],"about":[{"href":"https:\/\/agria-zenithcropsciences.com\/es\/wp-json\/wp\/v2\/types\/product"}],"replies":[{"embeddable":true,"href":"https:\/\/agria-zenithcropsciences.com\/es\/wp-json\/wp\/v2\/comments?post=6605"}],"wp:featuredmedia":[{"embeddable":true,"href":"https:\/\/agria-zenithcropsciences.com\/es\/wp-json\/wp\/v2\/media\/3382"}],"wp:attachment":[{"href":"https:\/\/agria-zenithcropsciences.com\/es\/wp-json\/wp\/v2\/media?parent=6605"}],"wp:term":[{"taxonomy":"product_brand","embeddable":true,"href":"https:\/\/agria-zenithcropsciences.com\/es\/wp-json\/wp\/v2\/product_brand?post=6605"},{"taxonomy":"product_cat","embeddable":true,"href":"https:\/\/agria-zenithcropsciences.com\/es\/wp-json\/wp\/v2\/product_cat?post=6605"},{"taxonomy":"product_tag","embeddable":true,"href":"https:\/\/agria-zenithcropsciences.com\/es\/wp-json\/wp\/v2\/product_tag?post=6605"}],"curies":[{"name":"wp","href":"https:\/\/api.w.org\/{rel}","templated":true}]}}