{"id":6608,"date":"2020-01-09T21:43:09","date_gmt":"2020-01-09T19:43:09","guid":{"rendered":"https:\/\/agria-zenithcropsciences.com\/product\/difenpro-50-ec\/"},"modified":"2020-01-09T21:43:09","modified_gmt":"2020-01-09T19:43:09","slug":"difenpro-50-ec","status":"publish","type":"product","link":"https:\/\/agria-zenithcropsciences.com\/es\/product\/difenpro-50-ec\/","title":{"rendered":"Difenpro\u00ae 50 EC"},"content":{"rendered":"","protected":false},"excerpt":{"rendered":"<p><strong>Difenpro<\/strong><strong><sup>\u00ae<\/sup><\/strong><strong> 50 EC <\/strong>es un fungicida sist\u00e9mico de acci\u00f3n preventiva y curativa. Pertenece al grupo de los triazoles. Detiene tanto la infecci\u00f3n inicial como la esporulaci\u00f3n. Su acci\u00f3n principal es interfiriendo con la bios\u00edntesis de esteroles en la membrana celular. Los mejores resultados del producto se obtienen cuando se aplica en los primeros estados de desarrollo del hongo.<\/p>\n<p><strong>Composicion:<\/strong> 250 g\/L PROPICONAZOLE + 250 g\/L DIFENOCONAZOLE<\/p>\n<p><strong>Formulado como:<\/strong> Concentrado Emulsionable (EC)<\/p>\n<p><strong>APLICACIONES<\/strong><strong>: Contacte a nuestro equipo<\/strong><strong> &#8211; <\/strong><a href=\"mailto:info@agria.bg\">info@agria.bg<\/a><\/p>\n","protected":false},"featured_media":3388,"comment_status":"closed","ping_status":"closed","template":"","meta":[],"product_brand":[],"product_cat":[674,675],"product_tag":[],"class_list":{"0":"post-6608","1":"product","2":"type-product","3":"status-publish","4":"has-post-thumbnail","6":"product_cat-fungicida-4-es","7":"product_cat-productos-nicaragua-es","9":"first","10":"instock","11":"shipping-taxable","12":"product-type-simple"},"_links":{"self":[{"href":"https:\/\/agria-zenithcropsciences.com\/es\/wp-json\/wp\/v2\/product\/6608","targetHints":{"allow":["GET"]}}],"collection":[{"href":"https:\/\/agria-zenithcropsciences.com\/es\/wp-json\/wp\/v2\/product"}],"about":[{"href":"https:\/\/agria-zenithcropsciences.com\/es\/wp-json\/wp\/v2\/types\/product"}],"replies":[{"embeddable":true,"href":"https:\/\/agria-zenithcropsciences.com\/es\/wp-json\/wp\/v2\/comments?post=6608"}],"wp:featuredmedia":[{"embeddable":true,"href":"https:\/\/agria-zenithcropsciences.com\/es\/wp-json\/wp\/v2\/media\/3388"}],"wp:attachment":[{"href":"https:\/\/agria-zenithcropsciences.com\/es\/wp-json\/wp\/v2\/media?parent=6608"}],"wp:term":[{"taxonomy":"product_brand","embeddable":true,"href":"https:\/\/agria-zenithcropsciences.com\/es\/wp-json\/wp\/v2\/product_brand?post=6608"},{"taxonomy":"product_cat","embeddable":true,"href":"https:\/\/agria-zenithcropsciences.com\/es\/wp-json\/wp\/v2\/product_cat?post=6608"},{"taxonomy":"product_tag","embeddable":true,"href":"https:\/\/agria-zenithcropsciences.com\/es\/wp-json\/wp\/v2\/product_tag?post=6608"}],"curies":[{"name":"wp","href":"https:\/\/api.w.org\/{rel}","templated":true}]}}