{"id":6612,"date":"2020-01-09T21:38:16","date_gmt":"2020-01-09T19:38:16","guid":{"rendered":"https:\/\/agria-zenithcropsciences.com\/product\/bifensa\/"},"modified":"2020-01-09T21:38:16","modified_gmt":"2020-01-09T19:38:16","slug":"bifensa","status":"publish","type":"product","link":"https:\/\/agria-zenithcropsciences.com\/es\/product\/bifensa\/","title":{"rendered":"Bifensa\u00ae"},"content":{"rendered":"","protected":false},"excerpt":{"rendered":"<p>Acaricida-insecticida que act\u00faa por contacto e ingesti\u00f3n, con muy buen efecto de choque y persistencia. Controla una amplia gama de \u00e1caros e insectos en frutales, vides, hortalizas, cereales, praderas y otros cultivos. Destaca su acci\u00f3n sobre ara\u00f1itas, polillas, enrolladores, trips, minadores, pulgones, cuncunilla negra y burrito del frambueso, entre otras plagas.<\/p>\n<p><strong>Composicion:<\/strong> 100 g\/L BIFENTRIN<\/p>\n<p><strong>Otros nombres comerciales<\/strong><strong>:<\/strong> General<strong><sup>\u00ae<\/sup><\/strong> 10 EC<\/p>\n<p><strong>Formulado como:<\/strong> Concentrado Emulsionable (EC)<\/p>\n<p><strong>APLICACIONES<\/strong><strong>: Contacte a nuestro equipo<\/strong><strong> &#8211; <\/strong><a href=\"mailto:info@agria.bg\">info@agria.bg<\/a><\/p>\n","protected":false},"featured_media":3394,"comment_status":"closed","ping_status":"closed","template":"","meta":[],"product_brand":[],"product_cat":[677,675],"product_tag":[],"class_list":{"0":"post-6612","1":"product","2":"type-product","3":"status-publish","4":"has-post-thumbnail","6":"product_cat-insecticida-es","7":"product_cat-productos-nicaragua-es","9":"first","10":"instock","11":"shipping-taxable","12":"product-type-simple"},"_links":{"self":[{"href":"https:\/\/agria-zenithcropsciences.com\/es\/wp-json\/wp\/v2\/product\/6612","targetHints":{"allow":["GET"]}}],"collection":[{"href":"https:\/\/agria-zenithcropsciences.com\/es\/wp-json\/wp\/v2\/product"}],"about":[{"href":"https:\/\/agria-zenithcropsciences.com\/es\/wp-json\/wp\/v2\/types\/product"}],"replies":[{"embeddable":true,"href":"https:\/\/agria-zenithcropsciences.com\/es\/wp-json\/wp\/v2\/comments?post=6612"}],"wp:featuredmedia":[{"embeddable":true,"href":"https:\/\/agria-zenithcropsciences.com\/es\/wp-json\/wp\/v2\/media\/3394"}],"wp:attachment":[{"href":"https:\/\/agria-zenithcropsciences.com\/es\/wp-json\/wp\/v2\/media?parent=6612"}],"wp:term":[{"taxonomy":"product_brand","embeddable":true,"href":"https:\/\/agria-zenithcropsciences.com\/es\/wp-json\/wp\/v2\/product_brand?post=6612"},{"taxonomy":"product_cat","embeddable":true,"href":"https:\/\/agria-zenithcropsciences.com\/es\/wp-json\/wp\/v2\/product_cat?post=6612"},{"taxonomy":"product_tag","embeddable":true,"href":"https:\/\/agria-zenithcropsciences.com\/es\/wp-json\/wp\/v2\/product_tag?post=6612"}],"curies":[{"name":"wp","href":"https:\/\/api.w.org\/{rel}","templated":true}]}}