{"id":6618,"date":"2020-01-09T21:33:00","date_gmt":"2020-01-09T19:33:00","guid":{"rendered":"https:\/\/agria-zenithcropsciences.com\/product\/tebumid\/"},"modified":"2020-01-09T21:33:00","modified_gmt":"2020-01-09T19:33:00","slug":"tebumid","status":"publish","type":"product","link":"https:\/\/agria-zenithcropsciences.com\/es\/product\/tebumid\/","title":{"rendered":"Tebumid\u00ae"},"content":{"rendered":"","protected":false},"excerpt":{"rendered":"<p><strong>Tebumid<\/strong><strong><sup>\u00ae<\/sup><\/strong> es un ter\u00e1pico para el tratamiento de semillas que act\u00faa simult\u00e1neamente como insecticida y fungicida al combinar dos ingredientes activos de acci\u00f3n sist\u00e9mica (imidacloprid y tebuconazole) otorgando un amplio espectro de acci\u00f3n en un solo tratamiento. Controla tanto enfermedades como insectos de suelo, gusanos alambre e insectos a\u00e9reos. Presenta adem\u00e1s una adecuada adhesi\u00f3n sobre el grano logrando as\u00ed evitar el desprendimiento de polvo.<\/p>\n<p><strong>Composicion:<\/strong> 233 g\/L IMIDACLOPRID + 13 g\/L TEBUCONAZOLE<\/p>\n<p><strong>Otros nombres comerciales<\/strong><strong>:<\/strong> Imitebo<strong><sup>\u00ae<\/sup><\/strong> 24.6 FS<\/p>\n<p><strong>Formulado como:<\/strong> Supensi\u00f3n concentrada para el tratamiento de semillas (FS)<\/p>\n<p><strong>APLICACIONES<\/strong><strong>: Contacte a nuestro equipo<\/strong><strong> &#8211; <\/strong><a href=\"mailto:info@agria.bg\">info@agria.bg<\/a><\/p>\n","protected":false},"featured_media":3388,"comment_status":"closed","ping_status":"closed","template":"","meta":[],"product_brand":[],"product_cat":[675,679],"product_tag":[],"class_list":{"0":"post-6618","1":"product","2":"type-product","3":"status-publish","4":"has-post-thumbnail","6":"product_cat-productos-nicaragua-es","7":"product_cat-tretamiento-de-semillas-es","9":"first","10":"instock","11":"shipping-taxable","12":"product-type-simple"},"_links":{"self":[{"href":"https:\/\/agria-zenithcropsciences.com\/es\/wp-json\/wp\/v2\/product\/6618","targetHints":{"allow":["GET"]}}],"collection":[{"href":"https:\/\/agria-zenithcropsciences.com\/es\/wp-json\/wp\/v2\/product"}],"about":[{"href":"https:\/\/agria-zenithcropsciences.com\/es\/wp-json\/wp\/v2\/types\/product"}],"replies":[{"embeddable":true,"href":"https:\/\/agria-zenithcropsciences.com\/es\/wp-json\/wp\/v2\/comments?post=6618"}],"wp:featuredmedia":[{"embeddable":true,"href":"https:\/\/agria-zenithcropsciences.com\/es\/wp-json\/wp\/v2\/media\/3388"}],"wp:attachment":[{"href":"https:\/\/agria-zenithcropsciences.com\/es\/wp-json\/wp\/v2\/media?parent=6618"}],"wp:term":[{"taxonomy":"product_brand","embeddable":true,"href":"https:\/\/agria-zenithcropsciences.com\/es\/wp-json\/wp\/v2\/product_brand?post=6618"},{"taxonomy":"product_cat","embeddable":true,"href":"https:\/\/agria-zenithcropsciences.com\/es\/wp-json\/wp\/v2\/product_cat?post=6618"},{"taxonomy":"product_tag","embeddable":true,"href":"https:\/\/agria-zenithcropsciences.com\/es\/wp-json\/wp\/v2\/product_tag?post=6618"}],"curies":[{"name":"wp","href":"https:\/\/api.w.org\/{rel}","templated":true}]}}