{"id":6651,"date":"2020-01-08T18:20:41","date_gmt":"2020-01-08T16:20:41","guid":{"rendered":"https:\/\/agria-zenithcropsciences.com\/product\/bianco-zineb-80-wp\/"},"modified":"2020-01-08T18:20:41","modified_gmt":"2020-01-08T16:20:41","slug":"bianco-zineb-80-wp","status":"publish","type":"product","link":"https:\/\/agria-zenithcropsciences.com\/es\/product\/bianco-zineb-80-wp\/","title":{"rendered":"Bianco\u00ae Zineb 80 WP"},"content":{"rendered":"","protected":false},"excerpt":{"rendered":"<p><strong>Bianco<sup>\u00ae<\/sup> Zineb 80 WP &#8211; producto con alto contenido de zinc.<\/strong><\/p>\n<p>Fungicida protector que est\u00e1 indicado para la prevenci\u00f3n de numerosas enfermedades fungosas de una amplia variedad de cultivos. Su acci\u00f3n es de contacto y preventiva.<\/p>\n<p><strong>Composicion:<\/strong> 800 g\/kg Zineb<strong>\u00a0<\/strong><\/p>\n<p><strong>Formulado como:<\/strong> <em>Polvo<\/em> Mojable (PM)<\/p>\n<p><strong>APLICACIONES<\/strong><strong>: Contacte a nuestro equipo<\/strong><strong> &#8211; <\/strong><a href=\"mailto:info@agria.bg\">info@agria.bg<\/a><\/p>\n","protected":false},"featured_media":3302,"comment_status":"closed","ping_status":"closed","template":"","meta":[],"product_brand":[],"product_cat":[700,701],"product_tag":[],"class_list":{"0":"post-6651","1":"product","2":"type-product","3":"status-publish","4":"has-post-thumbnail","6":"product_cat-fungicidas-es-2","7":"product_cat-productos-costa-rica-es","9":"first","10":"instock","11":"shipping-taxable","12":"product-type-simple"},"_links":{"self":[{"href":"https:\/\/agria-zenithcropsciences.com\/es\/wp-json\/wp\/v2\/product\/6651","targetHints":{"allow":["GET"]}}],"collection":[{"href":"https:\/\/agria-zenithcropsciences.com\/es\/wp-json\/wp\/v2\/product"}],"about":[{"href":"https:\/\/agria-zenithcropsciences.com\/es\/wp-json\/wp\/v2\/types\/product"}],"replies":[{"embeddable":true,"href":"https:\/\/agria-zenithcropsciences.com\/es\/wp-json\/wp\/v2\/comments?post=6651"}],"wp:featuredmedia":[{"embeddable":true,"href":"https:\/\/agria-zenithcropsciences.com\/es\/wp-json\/wp\/v2\/media\/3302"}],"wp:attachment":[{"href":"https:\/\/agria-zenithcropsciences.com\/es\/wp-json\/wp\/v2\/media?parent=6651"}],"wp:term":[{"taxonomy":"product_brand","embeddable":true,"href":"https:\/\/agria-zenithcropsciences.com\/es\/wp-json\/wp\/v2\/product_brand?post=6651"},{"taxonomy":"product_cat","embeddable":true,"href":"https:\/\/agria-zenithcropsciences.com\/es\/wp-json\/wp\/v2\/product_cat?post=6651"},{"taxonomy":"product_tag","embeddable":true,"href":"https:\/\/agria-zenithcropsciences.com\/es\/wp-json\/wp\/v2\/product_tag?post=6651"}],"curies":[{"name":"wp","href":"https:\/\/api.w.org\/{rel}","templated":true}]}}