{"id":6980,"date":"2020-07-24T19:10:02","date_gmt":"2020-07-24T16:10:02","guid":{"rendered":"https:\/\/agria-zenithcropsciences.com\/?post_type=product&#038;p=6980\/"},"modified":"2020-07-24T19:22:15","modified_gmt":"2020-07-24T16:22:15","slug":"trepach-10","status":"publish","type":"product","link":"https:\/\/agria-zenithcropsciences.com\/es\/product\/trepach-10\/","title":{"rendered":"TREPACH\u00ae"},"content":{"rendered":"","protected":false},"excerpt":{"rendered":"<p><strong>TREPACH<sup>\u00ae <\/sup><\/strong>je herbicid namijenjen suzbijanju jednogodi\u0161njih i vi\u0161egodi\u0161njih uskolisnih korova u ratarstvu.<\/p>\n<p><strong>TREPACH<sup>\u00ae\u00a0 <\/sup><\/strong>je selektivno sistemi\u010dno herbicidno sredstvo namijenjeno suzbijanju jednogodi\u0161njih i vi\u0161egodi\u0161njih uskolisnih korova u suncokretu i uljanoj repici<\/p>\n<p><strong>Sastav: <\/strong>50 g\/l Quizalofop-P-ethyl<\/p>\n<p><strong>Vrsta formulacije: <\/strong>Koncentrat za emulziju (EC)<\/p>\n","protected":false},"featured_media":7000,"comment_status":"closed","ping_status":"closed","template":"","meta":[],"product_brand":[],"product_cat":[209,207],"product_tag":[],"class_list":{"0":"post-6980","1":"product","2":"type-product","3":"status-publish","4":"has-post-thumbnail","6":"product_cat-herbicidi","7":"product_cat-products-croatia","9":"first","10":"instock","11":"shipping-taxable","12":"product-type-simple"},"_links":{"self":[{"href":"https:\/\/agria-zenithcropsciences.com\/es\/wp-json\/wp\/v2\/product\/6980","targetHints":{"allow":["GET"]}}],"collection":[{"href":"https:\/\/agria-zenithcropsciences.com\/es\/wp-json\/wp\/v2\/product"}],"about":[{"href":"https:\/\/agria-zenithcropsciences.com\/es\/wp-json\/wp\/v2\/types\/product"}],"replies":[{"embeddable":true,"href":"https:\/\/agria-zenithcropsciences.com\/es\/wp-json\/wp\/v2\/comments?post=6980"}],"wp:featuredmedia":[{"embeddable":true,"href":"https:\/\/agria-zenithcropsciences.com\/es\/wp-json\/wp\/v2\/media\/7000"}],"wp:attachment":[{"href":"https:\/\/agria-zenithcropsciences.com\/es\/wp-json\/wp\/v2\/media?parent=6980"}],"wp:term":[{"taxonomy":"product_brand","embeddable":true,"href":"https:\/\/agria-zenithcropsciences.com\/es\/wp-json\/wp\/v2\/product_brand?post=6980"},{"taxonomy":"product_cat","embeddable":true,"href":"https:\/\/agria-zenithcropsciences.com\/es\/wp-json\/wp\/v2\/product_cat?post=6980"},{"taxonomy":"product_tag","embeddable":true,"href":"https:\/\/agria-zenithcropsciences.com\/es\/wp-json\/wp\/v2\/product_tag?post=6980"}],"curies":[{"name":"wp","href":"https:\/\/api.w.org\/{rel}","templated":true}]}}