{"id":7068,"date":"2020-11-30T14:03:43","date_gmt":"2020-11-30T12:03:43","guid":{"rendered":"https:\/\/agria-zenithcropsciences.com\/?post_type=product&#038;p=7068\/"},"modified":"2020-11-30T14:07:35","modified_gmt":"2020-11-30T12:07:35","slug":"adentis-20-sp-2","status":"publish","type":"product","link":"https:\/\/agria-zenithcropsciences.com\/es\/product\/adentis-20-sp-2\/","title":{"rendered":"ADENTIS 20 SP"},"content":{"rendered":"","protected":false},"excerpt":{"rendered":"<p><strong>ADENTIS 20 SP<\/strong> es un insecticida del grupo de los cloronicotinilos o nicotinilos basado en el ingrediente activo Acetamiprid que act\u00faa sobre de mosca blanca y otros insectos en tomate.<\/p>\n<p><strong>ADENTIS 20 SP<\/strong> est\u00e1 formulado como polvo soluble, es un insecticida sist\u00e9mico y translaminar que act\u00faa por ingesti\u00f3n y contacto, provocando la muerte de adultos y ninfas que se alimentan del follaje y otras partes de las plantas que han sido tratadas. Posee una actividad r\u00e1pida en su acci\u00f3n,<br \/>\npero as\u00ed mismo posee un efecto residual prolongado.<\/p>\n<p><strong>Composicion<\/strong>: Acetamiprid 200g\/kg<br \/>\n<strong>Formulado como<\/strong>: Polvo soluble (SP)<br \/>\n<strong>APLICACIONES<\/strong>: Contacte a nuestro equipo \u2013 <a href=\"mailto:info@agria.bg\">info@agria.bg<\/a><\/p>\n","protected":false},"featured_media":7069,"comment_status":"closed","ping_status":"closed","template":"","meta":[],"product_brand":[],"product_cat":[719,541],"product_tag":[],"class_list":{"0":"post-7068","1":"product","2":"type-product","3":"status-publish","4":"has-post-thumbnail","6":"product_cat-insecticidas-2","7":"product_cat-productos-peru-en","9":"first","10":"instock","11":"shipping-taxable","12":"product-type-simple"},"_links":{"self":[{"href":"https:\/\/agria-zenithcropsciences.com\/es\/wp-json\/wp\/v2\/product\/7068","targetHints":{"allow":["GET"]}}],"collection":[{"href":"https:\/\/agria-zenithcropsciences.com\/es\/wp-json\/wp\/v2\/product"}],"about":[{"href":"https:\/\/agria-zenithcropsciences.com\/es\/wp-json\/wp\/v2\/types\/product"}],"replies":[{"embeddable":true,"href":"https:\/\/agria-zenithcropsciences.com\/es\/wp-json\/wp\/v2\/comments?post=7068"}],"wp:featuredmedia":[{"embeddable":true,"href":"https:\/\/agria-zenithcropsciences.com\/es\/wp-json\/wp\/v2\/media\/7069"}],"wp:attachment":[{"href":"https:\/\/agria-zenithcropsciences.com\/es\/wp-json\/wp\/v2\/media?parent=7068"}],"wp:term":[{"taxonomy":"product_brand","embeddable":true,"href":"https:\/\/agria-zenithcropsciences.com\/es\/wp-json\/wp\/v2\/product_brand?post=7068"},{"taxonomy":"product_cat","embeddable":true,"href":"https:\/\/agria-zenithcropsciences.com\/es\/wp-json\/wp\/v2\/product_cat?post=7068"},{"taxonomy":"product_tag","embeddable":true,"href":"https:\/\/agria-zenithcropsciences.com\/es\/wp-json\/wp\/v2\/product_tag?post=7068"}],"curies":[{"name":"wp","href":"https:\/\/api.w.org\/{rel}","templated":true}]}}