{"id":7098,"date":"2021-02-05T12:59:55","date_gmt":"2021-02-05T10:59:55","guid":{"rendered":"https:\/\/agria-zenithcropsciences.com\/product\/agrifen-24-ec\/"},"modified":"2021-02-05T12:59:55","modified_gmt":"2021-02-05T10:59:55","slug":"agrifen-24-ec","status":"publish","type":"product","link":"https:\/\/agria-zenithcropsciences.com\/es\/product\/agrifen-24-ec\/","title":{"rendered":"Agrifen\u00ae 24 EC"},"content":{"rendered":"","protected":false},"excerpt":{"rendered":"<p><strong>Agrifen\u00ae 24 EC <\/strong>es un herbicida selectivo pre-emergente y post-emergente temprano para el control de malezas gram\u00edneas y de hoja ancha. Act\u00faa por contacto y es absorbido principalmente por el follaje y poco por las ra\u00edces, con poca traslocaci\u00f3n. Es un inhibidor de la protoporfirin\u00f3geno oxidasa, provocando danos irreversibles de las membranas. As\u00ed mismo, forma una barrera qu\u00edmica residual en la superficie del suelo, provocando la muerte de las malezas que es encuentran emergiendo.<\/p>\n<p><strong>Agrifen\u00ae 24 EC<\/strong> es autorizado en Arroz y Ca\u00f1a de az\u00facar.<\/p>\n<p><strong>Composicion:<\/strong> 240 g\/l OXYFLUORFEN<\/p>\n<p><strong>Formulado como:<\/strong> Concentrado emulsionable (EC)<\/p>\n<p><strong>APLICACIONES<\/strong><strong>: Contacte a nuestro equipo<\/strong><strong> &#8211; <\/strong><a href=\"mailto:info@agria.bg\">info@agria.bg<\/a><\/p>\n","protected":false},"featured_media":7096,"comment_status":"closed","ping_status":"closed","template":"","meta":[],"product_brand":[],"product_cat":[682,675],"product_tag":[],"class_list":{"0":"post-7098","1":"product","2":"type-product","3":"status-publish","4":"has-post-thumbnail","6":"product_cat-herbicida-es","7":"product_cat-productos-nicaragua-es","9":"first","10":"instock","11":"shipping-taxable","12":"product-type-simple"},"_links":{"self":[{"href":"https:\/\/agria-zenithcropsciences.com\/es\/wp-json\/wp\/v2\/product\/7098","targetHints":{"allow":["GET"]}}],"collection":[{"href":"https:\/\/agria-zenithcropsciences.com\/es\/wp-json\/wp\/v2\/product"}],"about":[{"href":"https:\/\/agria-zenithcropsciences.com\/es\/wp-json\/wp\/v2\/types\/product"}],"replies":[{"embeddable":true,"href":"https:\/\/agria-zenithcropsciences.com\/es\/wp-json\/wp\/v2\/comments?post=7098"}],"wp:featuredmedia":[{"embeddable":true,"href":"https:\/\/agria-zenithcropsciences.com\/es\/wp-json\/wp\/v2\/media\/7096"}],"wp:attachment":[{"href":"https:\/\/agria-zenithcropsciences.com\/es\/wp-json\/wp\/v2\/media?parent=7098"}],"wp:term":[{"taxonomy":"product_brand","embeddable":true,"href":"https:\/\/agria-zenithcropsciences.com\/es\/wp-json\/wp\/v2\/product_brand?post=7098"},{"taxonomy":"product_cat","embeddable":true,"href":"https:\/\/agria-zenithcropsciences.com\/es\/wp-json\/wp\/v2\/product_cat?post=7098"},{"taxonomy":"product_tag","embeddable":true,"href":"https:\/\/agria-zenithcropsciences.com\/es\/wp-json\/wp\/v2\/product_tag?post=7098"}],"curies":[{"name":"wp","href":"https:\/\/api.w.org\/{rel}","templated":true}]}}