{"id":7283,"date":"2021-07-09T15:27:10","date_gmt":"2021-07-09T12:27:10","guid":{"rendered":"https:\/\/agria-zenithcropsciences.com\/?post_type=product&#038;p=7283\/"},"modified":"2021-07-09T15:32:54","modified_gmt":"2021-07-09T12:32:54","slug":"eltivis","status":"publish","type":"product","link":"https:\/\/agria-zenithcropsciences.com\/es\/product\/eltivis\/","title":{"rendered":"ELTIVIS\u00ae"},"content":{"rendered":"","protected":false},"excerpt":{"rendered":"<p>Post\u0159ikov\u00fd selektivn\u00ed herbicidn\u00ed p\u0159\u00edpravek ve form\u011b emulgovateln\u00e9ho koncentr\u00e1tu (EC) ur\u010den\u00fd proti dvoud\u011blo\u017en\u00fdm plevel\u016fm v ozim\u00e9 p\u0161enici a je\u010dmeni ozim\u00e9m.<\/p>\n<p><strong>Slo\u017een\u00ed <\/strong><strong>:<\/strong> 250 g\/l \u00a0Fluroxypyr<\/p>\n<p><strong>Typ formulace :<\/strong> Emulgovateln\u00e9ho koncentr\u00e1tu (EC)<\/p>\n","protected":false},"featured_media":7291,"comment_status":"closed","ping_status":"closed","template":"","meta":[],"product_brand":[],"product_cat":[613,611],"product_tag":[],"class_list":{"0":"post-7283","1":"product","2":"type-product","3":"status-publish","4":"has-post-thumbnail","6":"product_cat-herbicid-es","7":"product_cat-products-czech-republic-es","9":"first","10":"instock","11":"shipping-taxable","12":"product-type-simple"},"_links":{"self":[{"href":"https:\/\/agria-zenithcropsciences.com\/es\/wp-json\/wp\/v2\/product\/7283","targetHints":{"allow":["GET"]}}],"collection":[{"href":"https:\/\/agria-zenithcropsciences.com\/es\/wp-json\/wp\/v2\/product"}],"about":[{"href":"https:\/\/agria-zenithcropsciences.com\/es\/wp-json\/wp\/v2\/types\/product"}],"replies":[{"embeddable":true,"href":"https:\/\/agria-zenithcropsciences.com\/es\/wp-json\/wp\/v2\/comments?post=7283"}],"wp:featuredmedia":[{"embeddable":true,"href":"https:\/\/agria-zenithcropsciences.com\/es\/wp-json\/wp\/v2\/media\/7291"}],"wp:attachment":[{"href":"https:\/\/agria-zenithcropsciences.com\/es\/wp-json\/wp\/v2\/media?parent=7283"}],"wp:term":[{"taxonomy":"product_brand","embeddable":true,"href":"https:\/\/agria-zenithcropsciences.com\/es\/wp-json\/wp\/v2\/product_brand?post=7283"},{"taxonomy":"product_cat","embeddable":true,"href":"https:\/\/agria-zenithcropsciences.com\/es\/wp-json\/wp\/v2\/product_cat?post=7283"},{"taxonomy":"product_tag","embeddable":true,"href":"https:\/\/agria-zenithcropsciences.com\/es\/wp-json\/wp\/v2\/product_tag?post=7283"}],"curies":[{"name":"wp","href":"https:\/\/api.w.org\/{rel}","templated":true}]}}