{"id":7345,"date":"2021-04-08T11:31:11","date_gmt":"2021-04-08T08:31:11","guid":{"rendered":"https:\/\/agria-zenithcropsciences.com\/product\/rival-duo-10\/"},"modified":"2021-04-08T11:31:11","modified_gmt":"2021-04-08T08:31:11","slug":"rival-duo-10","status":"publish","type":"product","link":"https:\/\/agria-zenithcropsciences.com\/es\/product\/rival-duo-10\/","title":{"rendered":"RIVAL\u00ae DUO"},"content":{"rendered":"","protected":false},"excerpt":{"rendered":"<p><strong>RIVAL<sup>\u00ae <\/sup>DUO <\/strong>jest fungicydem o dzia\u0142aniu og\u00f3lnoustrojowym o profilaktycznym i leczniczym dzia\u0142aniu przeciwko Zaraza ziemniaka (Phytophthora infestans) na ziemniakach.<\/p>\n<p><strong>Kompozycja <\/strong>chlorowodorek propamokarbu 400 g\/l + cymoksanil\u00a0 50 g\/l<\/p>\n<p><strong>Rodzaj preparatu: <\/strong>zawiesiny wodnej (SC)<\/p>\n<p><b>Inne dost<\/b><b><span lang=\"BG\">\u0119<\/span>pne nazwy handlowe<\/b><b><span lang=\"BG\">:\u00a0<\/span><\/b><b><span lang=\"EN-GB\">AMBORA<\/span><\/b><b><span lang=\"BG\">\u00ae\u00a0<\/span><\/b><b><span lang=\"EN-GB\">DUO<\/span><\/b><b><span lang=\"BG\">\u00a0,\u00a0<\/span><\/b><b><span lang=\"EN-GB\">EDEGAL<\/span><\/b><b><span lang=\"BG\">\u00ae\u00a0<\/span><\/b><b><span lang=\"EN-GB\">DUO<\/span><\/b><\/p>\n","protected":false},"featured_media":7155,"comment_status":"closed","ping_status":"closed","template":"","meta":[],"product_brand":[],"product_cat":[368,369],"product_tag":[],"class_list":{"0":"post-7345","1":"product","2":"type-product","3":"status-publish","4":"has-post-thumbnail","6":"product_cat-fungicydy-es","7":"product_cat-products-poland-es","9":"first","10":"instock","11":"shipping-taxable","12":"product-type-simple"},"_links":{"self":[{"href":"https:\/\/agria-zenithcropsciences.com\/es\/wp-json\/wp\/v2\/product\/7345","targetHints":{"allow":["GET"]}}],"collection":[{"href":"https:\/\/agria-zenithcropsciences.com\/es\/wp-json\/wp\/v2\/product"}],"about":[{"href":"https:\/\/agria-zenithcropsciences.com\/es\/wp-json\/wp\/v2\/types\/product"}],"replies":[{"embeddable":true,"href":"https:\/\/agria-zenithcropsciences.com\/es\/wp-json\/wp\/v2\/comments?post=7345"}],"wp:featuredmedia":[{"embeddable":true,"href":"https:\/\/agria-zenithcropsciences.com\/es\/wp-json\/wp\/v2\/media\/7155"}],"wp:attachment":[{"href":"https:\/\/agria-zenithcropsciences.com\/es\/wp-json\/wp\/v2\/media?parent=7345"}],"wp:term":[{"taxonomy":"product_brand","embeddable":true,"href":"https:\/\/agria-zenithcropsciences.com\/es\/wp-json\/wp\/v2\/product_brand?post=7345"},{"taxonomy":"product_cat","embeddable":true,"href":"https:\/\/agria-zenithcropsciences.com\/es\/wp-json\/wp\/v2\/product_cat?post=7345"},{"taxonomy":"product_tag","embeddable":true,"href":"https:\/\/agria-zenithcropsciences.com\/es\/wp-json\/wp\/v2\/product_tag?post=7345"}],"curies":[{"name":"wp","href":"https:\/\/api.w.org\/{rel}","templated":true}]}}