{"id":7555,"date":"2022-04-05T14:53:29","date_gmt":"2022-04-05T11:53:29","guid":{"rendered":"https:\/\/agria-zenithcropsciences.com\/?post_type=product&#038;p=7555\/"},"modified":"2022-04-05T14:57:30","modified_gmt":"2022-04-05T11:57:30","slug":"nasa-neo","status":"publish","type":"product","link":"https:\/\/agria-zenithcropsciences.com\/es\/product\/nasa-neo\/","title":{"rendered":"NASA\u00ae NEO"},"content":{"rendered":"","protected":false},"excerpt":{"rendered":"<p>A glifoz\u00e1t hat\u00f3anyagot a n\u00f6v\u00e9ny a klorofillt tartalmaz\u00f3 z\u00f6ld r\u00e9szein kereszt\u00fcl veszi fel. A hat\u00f3anyag innen transzlok\u00e1l\u00f3dik a gy\u00f6kerekbe, tarackokba, riz\u00f3m\u00e1kba. A hat\u00e1st\u00fcnetek 1-2 h\u00e9t ut\u00e1n jelentkeznek \u00f6reged\u00e9sben, t\u00f6rpe n\u00f6v\u00e9sben, lev\u00e9l \u00e9s hajt\u00e1sbarnul\u00e1sban. A folyamat visszaford\u00edthatatlan, az \u00e9rintett n\u00f6v\u00e9ny elpusztul. Mivel a glifoz\u00e1t a n\u00f6v\u00e9nyben val\u00f3 mozg\u00e1sa folyam\u00e1n a szapor\u00edt\u00f3 k\u00e9pletekbe is eljut \u00edgy hat\u00e1sa az \u00e9vel\u0151k eset\u00e9ben is a n\u00f6v\u00e9ny pusztul\u00e1s\u00e1hoz, vagy maradand\u00f3 k\u00e1rosod\u00e1s\u00e1hoz vezet.<\/p>\n<p><strong>Hat\u00f3anyag megnevez\u00e9se, koncentr\u00e1ci\u00f3ja: <\/strong>360 g\/l glifoz\u00e1t<\/p>\n<p><strong>Szerforma<\/strong><strong>:<\/strong> v\u00edzoldhat\u00f3 koncentr\u00e1tum (SL)<\/p>\n","protected":false},"featured_media":7556,"comment_status":"closed","ping_status":"closed","template":"","meta":[],"product_brand":[],"product_cat":[327,325],"product_tag":[],"class_list":{"0":"post-7555","1":"product","2":"type-product","3":"status-publish","4":"has-post-thumbnail","6":"product_cat-herbicidek","7":"product_cat-termekek","9":"first","10":"instock","11":"shipping-taxable","12":"product-type-simple"},"_links":{"self":[{"href":"https:\/\/agria-zenithcropsciences.com\/es\/wp-json\/wp\/v2\/product\/7555","targetHints":{"allow":["GET"]}}],"collection":[{"href":"https:\/\/agria-zenithcropsciences.com\/es\/wp-json\/wp\/v2\/product"}],"about":[{"href":"https:\/\/agria-zenithcropsciences.com\/es\/wp-json\/wp\/v2\/types\/product"}],"replies":[{"embeddable":true,"href":"https:\/\/agria-zenithcropsciences.com\/es\/wp-json\/wp\/v2\/comments?post=7555"}],"wp:featuredmedia":[{"embeddable":true,"href":"https:\/\/agria-zenithcropsciences.com\/es\/wp-json\/wp\/v2\/media\/7556"}],"wp:attachment":[{"href":"https:\/\/agria-zenithcropsciences.com\/es\/wp-json\/wp\/v2\/media?parent=7555"}],"wp:term":[{"taxonomy":"product_brand","embeddable":true,"href":"https:\/\/agria-zenithcropsciences.com\/es\/wp-json\/wp\/v2\/product_brand?post=7555"},{"taxonomy":"product_cat","embeddable":true,"href":"https:\/\/agria-zenithcropsciences.com\/es\/wp-json\/wp\/v2\/product_cat?post=7555"},{"taxonomy":"product_tag","embeddable":true,"href":"https:\/\/agria-zenithcropsciences.com\/es\/wp-json\/wp\/v2\/product_tag?post=7555"}],"curies":[{"name":"wp","href":"https:\/\/api.w.org\/{rel}","templated":true}]}}