{"id":7816,"date":"2023-06-28T13:09:38","date_gmt":"2023-06-28T10:09:38","guid":{"rendered":"https:\/\/agria-zenithcropsciences.com\/?post_type=product&#038;p=7816\/"},"modified":"2023-06-28T13:12:42","modified_gmt":"2023-06-28T10:12:42","slug":"darium-3","status":"publish","type":"product","link":"https:\/\/agria-zenithcropsciences.com\/es\/product\/darium-3\/","title":{"rendered":"DARIUM\u00ae"},"content":{"rendered":"","protected":false},"excerpt":{"rendered":"<p>Selektiv systemisches Herbizid f\u00fcr die Kontrolle von aufgelaufenen einj\u00e4hrigen einkeimbl\u00e4ttrigen Unkr\u00e4utern und Gemeiner Quecke in Zuckerr\u00fcben sowie von Ausfallgetreide, einj\u00e4hrigen einkeimbl\u00e4ttrigen Unkr\u00e4utern und Gemeiner Quecke in Winterraps<\/p>\n<p><strong>Wirkstoff:<\/strong> 50 g\/l Quizalofop-P-Ethyl<\/p>\n<p><strong>Art der Formulierung:<\/strong> \u00a0Emulgierbares Konzentrat (Emulsionskonzentrat) (EC),<\/p>\n","protected":false},"featured_media":7820,"comment_status":"closed","ping_status":"closed","template":"","meta":[],"product_brand":[],"product_cat":[199,198],"product_tag":[],"class_list":{"0":"post-7816","1":"product","2":"type-product","3":"status-publish","4":"has-post-thumbnail","6":"product_cat-herbizide","7":"product_cat-products-austria","9":"first","10":"instock","11":"shipping-taxable","12":"product-type-simple"},"_links":{"self":[{"href":"https:\/\/agria-zenithcropsciences.com\/es\/wp-json\/wp\/v2\/product\/7816","targetHints":{"allow":["GET"]}}],"collection":[{"href":"https:\/\/agria-zenithcropsciences.com\/es\/wp-json\/wp\/v2\/product"}],"about":[{"href":"https:\/\/agria-zenithcropsciences.com\/es\/wp-json\/wp\/v2\/types\/product"}],"replies":[{"embeddable":true,"href":"https:\/\/agria-zenithcropsciences.com\/es\/wp-json\/wp\/v2\/comments?post=7816"}],"wp:featuredmedia":[{"embeddable":true,"href":"https:\/\/agria-zenithcropsciences.com\/es\/wp-json\/wp\/v2\/media\/7820"}],"wp:attachment":[{"href":"https:\/\/agria-zenithcropsciences.com\/es\/wp-json\/wp\/v2\/media?parent=7816"}],"wp:term":[{"taxonomy":"product_brand","embeddable":true,"href":"https:\/\/agria-zenithcropsciences.com\/es\/wp-json\/wp\/v2\/product_brand?post=7816"},{"taxonomy":"product_cat","embeddable":true,"href":"https:\/\/agria-zenithcropsciences.com\/es\/wp-json\/wp\/v2\/product_cat?post=7816"},{"taxonomy":"product_tag","embeddable":true,"href":"https:\/\/agria-zenithcropsciences.com\/es\/wp-json\/wp\/v2\/product_tag?post=7816"}],"curies":[{"name":"wp","href":"https:\/\/api.w.org\/{rel}","templated":true}]}}