{"id":7851,"date":"2023-06-28T20:45:44","date_gmt":"2023-06-28T17:45:44","guid":{"rendered":"https:\/\/agria-zenithcropsciences.com\/?post_type=product&#038;p=7851\/"},"modified":"2023-06-28T20:49:04","modified_gmt":"2023-06-28T17:49:04","slug":"nasa-7","status":"publish","type":"product","link":"https:\/\/agria-zenithcropsciences.com\/es\/product\/nasa-7\/","title":{"rendered":"NASA\u00ae"},"content":{"rendered":"","protected":false},"excerpt":{"rendered":"<p><strong>NASA<sup>\u00ae<\/sup> <\/strong>je herbicid namijenjen suzbijanju jednogodi\u0161njih i vi\u0161egodi\u0161njih uskolisnih i \u0161irokolisnih korova u vo\u0107arstvu, vinogradarstvu te na strni\u0161tima.<\/p>\n<p><strong>NASA<sup>\u00ae<\/sup> <\/strong>je neselektivno (totalno) sistemi\u010dno herbicidno sredstvo namijenjeno suzbijanju jednogodi\u0161njih i vi\u0161egodi\u0161njih uskolisnih i \u0161irokolisnih korova.<\/p>\n<p><strong>Sastav: <\/strong>360 g\/L Glifosat<\/p>\n<p><strong>Vrsta formulacije: <\/strong>Koncentrat za otopinu (SL)<\/p>\n","protected":false},"featured_media":7858,"comment_status":"closed","ping_status":"closed","template":"","meta":[],"product_brand":[],"product_cat":[209,207],"product_tag":[],"class_list":{"0":"post-7851","1":"product","2":"type-product","3":"status-publish","4":"has-post-thumbnail","6":"product_cat-herbicidi","7":"product_cat-products-croatia","9":"first","10":"instock","11":"shipping-taxable","12":"product-type-simple"},"_links":{"self":[{"href":"https:\/\/agria-zenithcropsciences.com\/es\/wp-json\/wp\/v2\/product\/7851","targetHints":{"allow":["GET"]}}],"collection":[{"href":"https:\/\/agria-zenithcropsciences.com\/es\/wp-json\/wp\/v2\/product"}],"about":[{"href":"https:\/\/agria-zenithcropsciences.com\/es\/wp-json\/wp\/v2\/types\/product"}],"replies":[{"embeddable":true,"href":"https:\/\/agria-zenithcropsciences.com\/es\/wp-json\/wp\/v2\/comments?post=7851"}],"wp:featuredmedia":[{"embeddable":true,"href":"https:\/\/agria-zenithcropsciences.com\/es\/wp-json\/wp\/v2\/media\/7858"}],"wp:attachment":[{"href":"https:\/\/agria-zenithcropsciences.com\/es\/wp-json\/wp\/v2\/media?parent=7851"}],"wp:term":[{"taxonomy":"product_brand","embeddable":true,"href":"https:\/\/agria-zenithcropsciences.com\/es\/wp-json\/wp\/v2\/product_brand?post=7851"},{"taxonomy":"product_cat","embeddable":true,"href":"https:\/\/agria-zenithcropsciences.com\/es\/wp-json\/wp\/v2\/product_cat?post=7851"},{"taxonomy":"product_tag","embeddable":true,"href":"https:\/\/agria-zenithcropsciences.com\/es\/wp-json\/wp\/v2\/product_tag?post=7851"}],"curies":[{"name":"wp","href":"https:\/\/api.w.org\/{rel}","templated":true}]}}