{"id":7907,"date":"2023-06-29T21:38:45","date_gmt":"2023-06-29T18:38:45","guid":{"rendered":"https:\/\/agria-zenithcropsciences.com\/?post_type=product&#038;p=7907\/"},"modified":"2023-06-29T21:41:37","modified_gmt":"2023-06-29T18:41:37","slug":"fulial","status":"publish","type":"product","link":"https:\/\/agria-zenithcropsciences.com\/es\/product\/fulial\/","title":{"rendered":"FULIAL\u00ae"},"content":{"rendered":"","protected":false},"excerpt":{"rendered":"<p><strong>Fungicid sistemic cu ac\u0163iune protectiv\u0103 pentru combaterea diver\u015filor agen\u0163i patogeni dintr-o gam\u0103 larg\u0103 de culturi.<\/strong><\/p>\n<p><strong>Aceasta are ac\u0163iune sistemic\u0103 \u015fi translaminar\u0103 \u00een plant\u0103 \u015fi inhib\u0103 transportul de electroni \u00een respira\u0163ia mitocondrial\u0103 a fungilor, inhib\u0103 germinarea sporilor, cre\u015fterea miceliului. FULIAL contribuie la o bun\u0103 siguran\u0163\u0103 a culturilor, la men\u0163inerea culturii verde, av\u00e2nd astfel un bun randament.<\/strong><\/p>\n<p><strong>Con\u0163ine<\/strong>: 250 g\/l azoxistrobin<\/p>\n<p><strong>Formulare<\/strong>: Suspensie concentrat\u0103 (SC)<\/p>\n","protected":false},"featured_media":7908,"comment_status":"closed","ping_status":"closed","template":"","meta":[],"product_brand":[],"product_cat":[188,187],"product_tag":[],"class_list":{"0":"post-7907","1":"product","2":"type-product","3":"status-publish","4":"has-post-thumbnail","6":"product_cat-fungicide","7":"product_cat-productos-romania","9":"first","10":"instock","11":"shipping-taxable","12":"product-type-simple"},"_links":{"self":[{"href":"https:\/\/agria-zenithcropsciences.com\/es\/wp-json\/wp\/v2\/product\/7907","targetHints":{"allow":["GET"]}}],"collection":[{"href":"https:\/\/agria-zenithcropsciences.com\/es\/wp-json\/wp\/v2\/product"}],"about":[{"href":"https:\/\/agria-zenithcropsciences.com\/es\/wp-json\/wp\/v2\/types\/product"}],"replies":[{"embeddable":true,"href":"https:\/\/agria-zenithcropsciences.com\/es\/wp-json\/wp\/v2\/comments?post=7907"}],"wp:featuredmedia":[{"embeddable":true,"href":"https:\/\/agria-zenithcropsciences.com\/es\/wp-json\/wp\/v2\/media\/7908"}],"wp:attachment":[{"href":"https:\/\/agria-zenithcropsciences.com\/es\/wp-json\/wp\/v2\/media?parent=7907"}],"wp:term":[{"taxonomy":"product_brand","embeddable":true,"href":"https:\/\/agria-zenithcropsciences.com\/es\/wp-json\/wp\/v2\/product_brand?post=7907"},{"taxonomy":"product_cat","embeddable":true,"href":"https:\/\/agria-zenithcropsciences.com\/es\/wp-json\/wp\/v2\/product_cat?post=7907"},{"taxonomy":"product_tag","embeddable":true,"href":"https:\/\/agria-zenithcropsciences.com\/es\/wp-json\/wp\/v2\/product_tag?post=7907"}],"curies":[{"name":"wp","href":"https:\/\/api.w.org\/{rel}","templated":true}]}}