{"id":8310,"date":"2024-02-28T17:09:26","date_gmt":"2024-02-28T15:09:26","guid":{"rendered":"https:\/\/agria-zenithcropsciences.com\/product\/fuerza-%d0%ba%d0%be%d0%bf%d0%b8%d0%b5\/"},"modified":"2024-02-28T17:15:07","modified_gmt":"2024-02-28T15:15:07","slug":"propero-722-sl-fungicure-720-sl","status":"publish","type":"product","link":"https:\/\/agria-zenithcropsciences.com\/es\/product\/propero-722-sl-fungicure-720-sl\/","title":{"rendered":"Propero\u00ae 722 SL \/ Fungicure\u00ae 720 SL"},"content":{"rendered":"","protected":false},"excerpt":{"rendered":"<p><strong>Propero<sup>\u00ae<\/sup> 722 SL \/ Fungicure<sup>\u00ae<\/sup> 720 SL <\/strong>\u00e9 um fungicida carbamato, sist\u00e9mico, com atividade preventiva e curativa. O produto atua por altera\u00e7\u00e3o da permeabilidade das membranas celulares e inibi\u00e7\u00e3o da bioss\u00edntese de \u00e1cidos gordos e fosfol\u00edpidos, reduzindo assim o crescimento micelial e o desenvolvimento dos zo\u00f3sporos e espor\u00e2ngios.<\/p>\n<p>Encontra-se indicado para prote\u00e7\u00e3o contra a murchid\u00e3o das pl\u00e2ntulas ou damping-off causada por Pythium sp. e Phytophthora sp. em tomateiro e plantas ornamentais, de estufa, provenientes de sementes, pl\u00e2ntulas ou transplantes.<\/p>\n<p><strong>COMPOSI\u00c7\u00c3O<\/strong><strong>:<\/strong> Propamocarbe (sob a forma de hidrocloreto, equivalente a 607 g\/L de propamocarbe como base)<\/p>\n<p><strong>TIPO DE FORMULA\u00c7\u00c3O: <\/strong>Solu\u00e7\u00e3o concentrada (SL)<\/p>\n<p>&nbsp;<\/p>\n","protected":false},"featured_media":8308,"comment_status":"closed","ping_status":"closed","template":"","meta":[],"product_brand":[],"product_cat":[740,669],"product_tag":[],"class_list":{"0":"post-8310","1":"product","2":"type-product","3":"status-publish","4":"has-post-thumbnail","6":"product_cat-em-andamento-es","7":"product_cat-productos-brazil-es","9":"first","10":"instock","11":"shipping-taxable","12":"product-type-simple"},"_links":{"self":[{"href":"https:\/\/agria-zenithcropsciences.com\/es\/wp-json\/wp\/v2\/product\/8310","targetHints":{"allow":["GET"]}}],"collection":[{"href":"https:\/\/agria-zenithcropsciences.com\/es\/wp-json\/wp\/v2\/product"}],"about":[{"href":"https:\/\/agria-zenithcropsciences.com\/es\/wp-json\/wp\/v2\/types\/product"}],"replies":[{"embeddable":true,"href":"https:\/\/agria-zenithcropsciences.com\/es\/wp-json\/wp\/v2\/comments?post=8310"}],"wp:featuredmedia":[{"embeddable":true,"href":"https:\/\/agria-zenithcropsciences.com\/es\/wp-json\/wp\/v2\/media\/8308"}],"wp:attachment":[{"href":"https:\/\/agria-zenithcropsciences.com\/es\/wp-json\/wp\/v2\/media?parent=8310"}],"wp:term":[{"taxonomy":"product_brand","embeddable":true,"href":"https:\/\/agria-zenithcropsciences.com\/es\/wp-json\/wp\/v2\/product_brand?post=8310"},{"taxonomy":"product_cat","embeddable":true,"href":"https:\/\/agria-zenithcropsciences.com\/es\/wp-json\/wp\/v2\/product_cat?post=8310"},{"taxonomy":"product_tag","embeddable":true,"href":"https:\/\/agria-zenithcropsciences.com\/es\/wp-json\/wp\/v2\/product_tag?post=8310"}],"curies":[{"name":"wp","href":"https:\/\/api.w.org\/{rel}","templated":true}]}}