{"id":8502,"date":"2024-02-28T17:19:53","date_gmt":"2024-02-28T15:19:53","guid":{"rendered":"https:\/\/agria-zenithcropsciences.com\/product\/diman-740-wp-tiburon-740-wp\/"},"modified":"2024-02-28T17:19:53","modified_gmt":"2024-02-28T15:19:53","slug":"diman-740-wp-tiburon-740-wp","status":"publish","type":"product","link":"https:\/\/agria-zenithcropsciences.com\/es\/product\/diman-740-wp-tiburon-740-wp\/","title":{"rendered":"Diman\u00ae 740 WP \/ Tiburon\u00ae 740 WP"},"content":{"rendered":"","protected":false},"excerpt":{"rendered":"<p><strong>Diman<sup>\u00ae<\/sup> 740 WP \/ Tiburon<sup>\u00ae<\/sup> 740 WP <\/strong>\u00e9 um fungicida de contato com mecanismo de a\u00e7\u00e3o multi-s\u00edtio, recomendado para controle preventivo de doen\u00e7as em diversas culturas.<\/p>\n<p><strong>COMPOSI\u00c7\u00c3O<\/strong><strong>:<\/strong> 440 g\/kg Mancozeb + 300 g\/kg Copper Oxychloride WP<\/p>\n<p><strong>TIPO DE FORMULA\u00c7\u00c3O: <\/strong>P\u00f3 molh\u00e1vel (WP)<\/p>\n","protected":false},"featured_media":8318,"comment_status":"closed","ping_status":"closed","template":"","meta":[],"product_brand":[],"product_cat":[737],"product_tag":[],"class_list":{"0":"post-8502","1":"product","2":"type-product","3":"status-publish","4":"has-post-thumbnail","6":"product_cat-uncategorized","8":"first","9":"instock","10":"shipping-taxable","11":"product-type-simple"},"_links":{"self":[{"href":"https:\/\/agria-zenithcropsciences.com\/es\/wp-json\/wp\/v2\/product\/8502","targetHints":{"allow":["GET"]}}],"collection":[{"href":"https:\/\/agria-zenithcropsciences.com\/es\/wp-json\/wp\/v2\/product"}],"about":[{"href":"https:\/\/agria-zenithcropsciences.com\/es\/wp-json\/wp\/v2\/types\/product"}],"replies":[{"embeddable":true,"href":"https:\/\/agria-zenithcropsciences.com\/es\/wp-json\/wp\/v2\/comments?post=8502"}],"wp:featuredmedia":[{"embeddable":true,"href":"https:\/\/agria-zenithcropsciences.com\/es\/wp-json\/wp\/v2\/media\/8318"}],"wp:attachment":[{"href":"https:\/\/agria-zenithcropsciences.com\/es\/wp-json\/wp\/v2\/media?parent=8502"}],"wp:term":[{"taxonomy":"product_brand","embeddable":true,"href":"https:\/\/agria-zenithcropsciences.com\/es\/wp-json\/wp\/v2\/product_brand?post=8502"},{"taxonomy":"product_cat","embeddable":true,"href":"https:\/\/agria-zenithcropsciences.com\/es\/wp-json\/wp\/v2\/product_cat?post=8502"},{"taxonomy":"product_tag","embeddable":true,"href":"https:\/\/agria-zenithcropsciences.com\/es\/wp-json\/wp\/v2\/product_tag?post=8502"}],"curies":[{"name":"wp","href":"https:\/\/api.w.org\/{rel}","templated":true}]}}